{"id":2409,"date":"2023-07-26T14:13:19","date_gmt":"2023-07-26T14:13:19","guid":{"rendered":"https:\/\/teatroricardobozzo.com\/?page_id=2409"},"modified":"2023-08-22T05:38:16","modified_gmt":"2023-08-22T05:38:16","slug":"obra","status":"publish","type":"page","link":"https:\/\/teatroricardobozzo.com\/it\/obra\/","title":{"rendered":"OPERE"},"content":{"rendered":"<div data-elementor-type=\"wp-page\" data-elementor-id=\"2409\" class=\"elementor elementor-2409\" data-elementor-post-type=\"page\">\n\t\t\t\t\t\t\t\t\t<section class=\"elementor-section elementor-top-section elementor-element elementor-element-7ef052b3 elementor-section-height-full elementor-section-items-bottom elementor-section-boxed elementor-section-height-default\" data-id=\"7ef052b3\" data-element_type=\"section\" data-settings=\"{&quot;background_background&quot;:&quot;classic&quot;}\">\n\t\t\t\t\t\t\t<div class=\"elementor-background-overlay\"><\/div>\n\t\t\t\t\t\t\t<div class=\"elementor-container elementor-column-gap-no\">\n\t\t\t\t\t<div class=\"elementor-column elementor-col-100 elementor-top-column elementor-element elementor-element-50219e22\" data-id=\"50219e22\" data-element_type=\"column\">\n\t\t\t<div class=\"elementor-widget-wrap elementor-element-populated\">\n\t\t\t\t\t\t\t\t<div class=\"elementor-element elementor-element-14a3ebdb elementor-widget elementor-widget-heading\" data-id=\"14a3ebdb\" data-element_type=\"widget\" data-widget_type=\"heading.default\">\n\t\t\t\t<div class=\"elementor-widget-container\">\n\t\t\t<style>\/*! elementor - v3.16.0 - 20-09-2023 *\/\n.elementor-heading-title{padding:0;margin:0;line-height:1}.elementor-widget-heading .elementor-heading-title[class*=elementor-size-]>a{color:inherit;font-size:inherit;line-height:inherit}.elementor-widget-heading .elementor-heading-title.elementor-size-small{font-size:15px}.elementor-widget-heading .elementor-heading-title.elementor-size-medium{font-size:19px}.elementor-widget-heading .elementor-heading-title.elementor-size-large{font-size:29px}.elementor-widget-heading .elementor-heading-title.elementor-size-xl{font-size:39px}.elementor-widget-heading .elementor-heading-title.elementor-size-xxl{font-size:59px}<\/style><h1 class=\"elementor-heading-title elementor-size-default\">Cercando la felicit\u00e0<\/h1>\t\t<\/div>\n\t\t\t\t<\/div>\n\t\t\t\t<div class=\"elementor-element elementor-element-78bba878 elementor-align-center elementor-widget elementor-widget-button\" data-id=\"78bba878\" data-element_type=\"widget\" data-widget_type=\"button.default\">\n\t\t\t\t<div class=\"elementor-widget-container\">\n\t\t\t\t\t<div class=\"elementor-button-wrapper\">\n\t\t\t<a class=\"elementor-button elementor-button-link elementor-size-sm\" href=\"#bio\">\n\t\t\t\t\t\t<span class=\"elementor-button-content-wrapper\">\n\t\t\t\t\t\t<span class=\"elementor-button-text\">Scopri di pi\u00f9<\/span>\n\t\t<\/span>\n\t\t\t\t\t<\/a>\n\t\t<\/div>\n\t\t\t\t<\/div>\n\t\t\t\t<\/div>\n\t\t\t\t\t<\/div>\n\t\t<\/div>\n\t\t\t\t\t\t\t<\/div>\n\t\t<\/section>\n\t\t\t\t<section class=\"elementor-section elementor-top-section elementor-element elementor-element-2d64349c elementor-section-boxed elementor-section-height-default elementor-section-height-default\" data-id=\"2d64349c\" data-element_type=\"section\" id=\"bio\" data-settings=\"{&quot;background_background&quot;:&quot;gradient&quot;}\">\n\t\t\t\t\t\t<div class=\"elementor-container elementor-column-gap-no\">\n\t\t\t\t\t<div class=\"elementor-column elementor-col-100 elementor-top-column elementor-element elementor-element-5edd7e6d\" data-id=\"5edd7e6d\" data-element_type=\"column\">\n\t\t\t<div class=\"elementor-widget-wrap elementor-element-populated\">\n\t\t\t\t\t\t\t\t<section class=\"elementor-section elementor-inner-section elementor-element elementor-element-2264f996 elementor-section-boxed elementor-section-height-default elementor-section-height-default\" data-id=\"2264f996\" data-element_type=\"section\">\n\t\t\t\t\t\t<div class=\"elementor-container elementor-column-gap-no\">\n\t\t\t\t\t<div class=\"elementor-column elementor-col-100 elementor-inner-column elementor-element elementor-element-77bbcff7\" data-id=\"77bbcff7\" data-element_type=\"column\">\n\t\t\t<div class=\"elementor-widget-wrap elementor-element-populated\">\n\t\t\t\t\t\t\t\t<div class=\"elementor-element elementor-element-3deee945 elementor-widget elementor-widget-heading\" data-id=\"3deee945\" data-element_type=\"widget\" data-widget_type=\"heading.default\">\n\t\t\t\t<div class=\"elementor-widget-container\">\n\t\t\t<h2 class=\"elementor-heading-title elementor-size-default\">Trailer<\/h2>\t\t<\/div>\n\t\t\t\t<\/div>\n\t\t\t\t<div class=\"elementor-element elementor-element-919a4d2 elementor-widget elementor-widget-video\" data-id=\"919a4d2\" data-element_type=\"widget\" data-settings=\"{&quot;youtube_url&quot;:&quot;https:\\\/\\\/youtu.be\\\/u9EMvN2xOQI&quot;,&quot;video_type&quot;:&quot;youtube&quot;,&quot;controls&quot;:&quot;yes&quot;}\" data-widget_type=\"video.default\">\n\t\t\t\t<div class=\"elementor-widget-container\">\n\t\t\t<style>\/*! elementor - v3.16.0 - 20-09-2023 *\/\n.elementor-widget-video .elementor-widget-container{overflow:hidden;transform:translateZ(0)}.elementor-widget-video .elementor-wrapper{aspect-ratio:var(--video-aspect-ratio)}.elementor-widget-video .elementor-wrapper iframe,.elementor-widget-video .elementor-wrapper video{height:100%;width:100%;display:flex;border:none;background-color:#000}@supports not (aspect-ratio:1\/1){.elementor-widget-video .elementor-wrapper{position:relative;overflow:hidden;height:0;padding-bottom:calc(100% \/ var(--video-aspect-ratio))}.elementor-widget-video .elementor-wrapper iframe,.elementor-widget-video .elementor-wrapper video{position:absolute;top:0;right:0;bottom:0;left:0}}.elementor-widget-video .elementor-open-inline .elementor-custom-embed-image-overlay{position:absolute;top:0;right:0;bottom:0;left:0;background-size:cover;background-position:50%}.elementor-widget-video .elementor-custom-embed-image-overlay{cursor:pointer;text-align:center}.elementor-widget-video .elementor-custom-embed-image-overlay:hover .elementor-custom-embed-play i{opacity:1}.elementor-widget-video .elementor-custom-embed-image-overlay img{display:block;width:100%;aspect-ratio:var(--video-aspect-ratio);-o-object-fit:cover;object-fit:cover;-o-object-position:center center;object-position:center center}@supports not (aspect-ratio:1\/1){.elementor-widget-video .elementor-custom-embed-image-overlay{position:relative;overflow:hidden;height:0;padding-bottom:calc(100% \/ var(--video-aspect-ratio))}.elementor-widget-video .elementor-custom-embed-image-overlay img{position:absolute;top:0;right:0;bottom:0;left:0}}.elementor-widget-video .e-hosted-video .elementor-video{-o-object-fit:cover;object-fit:cover}.e-con-inner>.elementor-widget-video,.e-con>.elementor-widget-video{width:var(--container-widget-width);--flex-grow:var(--container-widget-flex-grow)}<\/style>\t\t<div class=\"elementor-wrapper elementor-open-inline\">\n\t\t\t<div class=\"elementor-video\"><\/div>\t\t<\/div>\n\t\t\t\t<\/div>\n\t\t\t\t<\/div>\n\t\t\t\t<div class=\"elementor-element elementor-element-ac95c3a elementor-widget elementor-widget-heading\" data-id=\"ac95c3a\" data-element_type=\"widget\" data-widget_type=\"heading.default\">\n\t\t\t\t<div class=\"elementor-widget-container\">\n\t\t\t<h2 class=\"elementor-heading-title elementor-size-default\">Scopri la vita e la carriera di Ricardo Bozzo.<\/h2>\t\t<\/div>\n\t\t\t\t<\/div>\n\t\t\t\t<div class=\"elementor-element elementor-element-391dfa6c elementor-widget elementor-widget-text-editor\" data-id=\"391dfa6c\" data-element_type=\"widget\" data-widget_type=\"text-editor.default\">\n\t\t\t\t<div class=\"elementor-widget-container\">\n\t\t\t<style>\/*! elementor - v3.16.0 - 20-09-2023 *\/\n.elementor-widget-text-editor.elementor-drop-cap-view-stacked .elementor-drop-cap{background-color:#69727d;color:#fff}.elementor-widget-text-editor.elementor-drop-cap-view-framed .elementor-drop-cap{color:#69727d;border:3px solid;background-color:transparent}.elementor-widget-text-editor:not(.elementor-drop-cap-view-default) .elementor-drop-cap{margin-top:8px}.elementor-widget-text-editor:not(.elementor-drop-cap-view-default) .elementor-drop-cap-letter{width:1em;height:1em}.elementor-widget-text-editor .elementor-drop-cap{float:left;text-align:center;line-height:1;font-size:50px}.elementor-widget-text-editor .elementor-drop-cap-letter{display:inline-block}<\/style>\t\t\t\t<p>Benvenuti a \"Cercando la felicit\u00e0\"!<\/p>\n\n<p>\"Cercando la felicit\u00e0\" \u00e8 un potente monologo personale scritto e interpretato da Ricardo Bozzo, che ci porta in un viaggio emotivo attraverso la sua vita. Questo affascinante spettacolo teatrale ci racconta la storia di Ricardo, che nella sua infanzia e giovinezza trovava la felicit\u00e0 nella sua famiglia. Tuttavia, un tragico incidente segn\u00f2 un punto di svolta nella sua vita, facendo svanire quella felicit\u00e0 tanto preziosa.<\/p>\n\n<p>Disperato nel cercare di ritrovare la gioia che un tempo conosceva, Ricardo si \u00e8 lanciato in una ricerca instancabile. Ha cercato in luoghi diversi e in vari aspetti della sua vita: in una nuova famiglia, nella politica, negli affari e nelle feste. Ma, sfortunatamente, la felicit\u00e0 sembrava sfuggente, e i suoi sforzi sembravano non portare risultati.<\/p>\n\t\t\t\t\t\t<\/div>\n\t\t\t\t<\/div>\n\t\t\t\t<div class=\"elementor-element elementor-element-c3472e1 elementor-widget elementor-widget-image\" data-id=\"c3472e1\" data-element_type=\"widget\" data-widget_type=\"image.default\">\n\t\t\t\t<div class=\"elementor-widget-container\">\n\t\t\t<style>\/*! elementor - v3.16.0 - 20-09-2023 *\/\n.elementor-widget-image{text-align:center}.elementor-widget-image a{display:inline-block}.elementor-widget-image a img[src$=\".svg\"]{width:48px}.elementor-widget-image img{vertical-align:middle;display:inline-block}<\/style>\t\t\t\t\t\t\t\t\t\t\t\t<img decoding=\"async\" width=\"1024\" height=\"573\" src=\"https:\/\/teatroricardobozzo.com\/wp-content\/uploads\/2023\/07\/Screenshot-2023-07-26-at-16.39.35-1024x573.png\" class=\"attachment-large size-large wp-image-2439 has-transparency\" alt=\"\" srcset=\"https:\/\/teatroricardobozzo.com\/wp-content\/uploads\/2023\/07\/Screenshot-2023-07-26-at-16.39.35-1024x573.png 1024w, https:\/\/teatroricardobozzo.com\/wp-content\/uploads\/2023\/07\/Screenshot-2023-07-26-at-16.39.35-300x168.png 300w, https:\/\/teatroricardobozzo.com\/wp-content\/uploads\/2023\/07\/Screenshot-2023-07-26-at-16.39.35-768x430.png 768w, https:\/\/teatroricardobozzo.com\/wp-content\/uploads\/2023\/07\/Screenshot-2023-07-26-at-16.39.35-1536x859.png 1536w, https:\/\/teatroricardobozzo.com\/wp-content\/uploads\/2023\/07\/Screenshot-2023-07-26-at-16.39.35-2048x1146.png 2048w, https:\/\/teatroricardobozzo.com\/wp-content\/uploads\/2023\/07\/Screenshot-2023-07-26-at-16.39.35-18x10.png 18w\" sizes=\"(max-width: 1024px) 100vw, 1024px\" data-has-transparency=\"true\" data-dominant-color=\"24201e\" style=\"--dominant-color: #24201e\" \/>\t\t\t\t\t\t\t\t\t\t\t\t\t\t\t<\/div>\n\t\t\t\t<\/div>\n\t\t\t\t<div class=\"elementor-element elementor-element-30e0314 elementor-widget elementor-widget-text-editor\" data-id=\"30e0314\" data-element_type=\"widget\" data-widget_type=\"text-editor.default\">\n\t\t\t\t<div class=\"elementor-widget-container\">\n\t\t\t\t\t\t\t<p>Con una passione travolgente, Ricardo si \u00e8 dedicato alla ricerca della felicit\u00e0, senza curarsi degli ostacoli che incontrava lungo il cammino. La sua determinazione lo ha portato ad esplorare tutte le sfaccettature della sua esistenza, alla ricerca di risposte che potessero colmare il suo vuoto interiore.<\/p>\n\n<p>Tuttavia, \u00e8 stata in un'esperienza spirituale rivelatrice che Ricardo ha finalmente trovato ci\u00f2 che tanto desiderava. Questa esperienza trasformatrice ha aperto la sua mente e il suo cuore, permettendogli di vedere le cose da una prospettiva completamente diversa. In quel momento, la felicit\u00e0 si \u00e8 materializzata davanti ai suoi occhi, e Ricardo ha raggiunto la pienezza che tanto aveva cercato.<\/p>\n\n<p>\"Cercando la felicit\u00e0\" \u00e8 molto pi\u00f9 di una semplice opera teatrale. \u00c8 un viaggio emotivo che invita il pubblico a riflettere sull'importanza di trovare l'equilibrio interiore e di apprezzare le esperienze che la vita ci offre. Attraverso le esperienze di Ricardo Bozzo, ci immergiamo in una trama commovente che ci insegna che la felicit\u00e0 \u00e8 alla portata di tutti, purch\u00e9 siamo disposti a guardare oltre l'evidente.<\/p>\t\t\t\t\t\t<\/div>\n\t\t\t\t<\/div>\n\t\t\t\t<div class=\"elementor-element elementor-element-53a77ab elementor-widget elementor-widget-image\" data-id=\"53a77ab\" data-element_type=\"widget\" data-widget_type=\"image.default\">\n\t\t\t\t<div class=\"elementor-widget-container\">\n\t\t\t\t\t\t\t\t\t\t\t\t\t\t\t<img decoding=\"async\" width=\"1024\" height=\"577\" src=\"https:\/\/teatroricardobozzo.com\/wp-content\/uploads\/2023\/07\/RicciBio-1024x577.webp\" class=\"attachment-large size-large wp-image-2429 not-transparent\" alt=\"\" srcset=\"https:\/\/teatroricardobozzo.com\/wp-content\/uploads\/2023\/07\/RicciBio-1024x577.webp 1024w, https:\/\/teatroricardobozzo.com\/wp-content\/uploads\/2023\/07\/RicciBio-300x169.webp 300w, https:\/\/teatroricardobozzo.com\/wp-content\/uploads\/2023\/07\/RicciBio-768x433.webp 768w, https:\/\/teatroricardobozzo.com\/wp-content\/uploads\/2023\/07\/RicciBio-1536x865.webp 1536w, https:\/\/teatroricardobozzo.com\/wp-content\/uploads\/2023\/07\/RicciBio-2048x1154.webp 2048w, https:\/\/teatroricardobozzo.com\/wp-content\/uploads\/2023\/07\/RicciBio-18x10.webp 18w\" sizes=\"(max-width: 1024px) 100vw, 1024px\" data-has-transparency=\"false\" data-dominant-color=\"2b241e\" style=\"--dominant-color: #2b241e\" \/>\t\t\t\t\t\t\t\t\t\t\t\t\t\t\t<\/div>\n\t\t\t\t<\/div>\n\t\t\t\t<div class=\"elementor-element elementor-element-01eff5f elementor-widget elementor-widget-text-editor\" data-id=\"01eff5f\" data-element_type=\"widget\" data-widget_type=\"text-editor.default\">\n\t\t\t\t<div class=\"elementor-widget-container\">\n\t\t\t\t\t\t\t<p>Unisciti a noi in questo affascinante viaggio teatrale e scopri come Ricardo Bozzo ha trovato la felicit\u00e0 e la vera soddisfazione nella sua vita. Preparati a ridere, piangere e riflettere, mentre ci immergiamo nelle profondit\u00e0 dell'anima umana alla ricerca di quella tanto desiderata emozione.<\/p>\n\n<p>\"Cercando la felicit\u00e0\" ti invita a esplorare le tue emozioni e a interrogarti su cosa significhi davvero essere felici. Non perderti questa straordinaria opera che ci ricorda che, nonostante le avversit\u00e0, la felicit\u00e0 pu\u00f2 sempre essere trovata se sappiamo dove cercare.<\/p>\n\n<p>Preparati per un viaggio teatrale indimenticabile con \"Cercando la felicit\u00e0\"!<\/p>\t\t\t\t\t\t<\/div>\n\t\t\t\t<\/div>\n\t\t\t\t\t<\/div>\n\t\t<\/div>\n\t\t\t\t\t\t\t<\/div>\n\t\t<\/section>\n\t\t\t\t\t<\/div>\n\t\t<\/div>\n\t\t\t\t\t\t\t<\/div>\n\t\t<\/section>\n\t\t\t\t<section class=\"elementor-section elementor-top-section elementor-element elementor-element-557f3fa elementor-section-boxed elementor-section-height-default elementor-section-height-default\" data-id=\"557f3fa\" data-element_type=\"section\" data-settings=\"{&quot;background_background&quot;:&quot;classic&quot;}\">\n\t\t\t\t\t\t<div class=\"elementor-container elementor-column-gap-no\">\n\t\t\t\t\t<div class=\"elementor-column elementor-col-100 elementor-top-column elementor-element elementor-element-bd65538\" data-id=\"bd65538\" data-element_type=\"column\">\n\t\t\t<div class=\"elementor-widget-wrap elementor-element-populated\">\n\t\t\t\t\t\t\t\t<div class=\"elementor-element elementor-element-f176923 elementor-widget elementor-widget-heading\" data-id=\"f176923\" data-element_type=\"widget\" data-widget_type=\"heading.default\">\n\t\t\t\t<div class=\"elementor-widget-container\">\n\t\t\t<h2 class=\"elementor-heading-title elementor-size-default\">CONTATTO<\/h2>\t\t<\/div>\n\t\t\t\t<\/div>\n\t\t\t\t<div class=\"elementor-element elementor-element-55b5343 elementor-widget elementor-widget-text-editor\" data-id=\"55b5343\" data-element_type=\"widget\" data-widget_type=\"text-editor.default\">\n\t\t\t\t<div class=\"elementor-widget-container\">\n\t\t\t\t\t\t\t<p>\u00a1Ci piacerebbe sentirti! Se hai qualche domanda, suggerimento o sei interessato\/a a portare la nostra opera teatrale in un altro luogo, ti preghiamo di contattarci.<\/p>\t\t\t\t\t\t<\/div>\n\t\t\t\t<\/div>\n\t\t\t\t<div class=\"elementor-element elementor-element-b804163 elementor-align-center elementor-widget elementor-widget-button\" data-id=\"b804163\" data-element_type=\"widget\" data-widget_type=\"button.default\">\n\t\t\t\t<div class=\"elementor-widget-container\">\n\t\t\t\t\t<div class=\"elementor-button-wrapper\">\n\t\t\t<a class=\"elementor-button elementor-button-link elementor-size-sm\" href=\"https:\/\/teatroricardobozzo.com\/it\/contacto\/\">\n\t\t\t\t\t\t<span class=\"elementor-button-content-wrapper\">\n\t\t\t\t\t\t<span class=\"elementor-button-text\">CONTATTACI<\/span>\n\t\t<\/span>\n\t\t\t\t\t<\/a>\n\t\t<\/div>\n\t\t\t\t<\/div>\n\t\t\t\t<\/div>\n\t\t\t\t\t<\/div>\n\t\t<\/div>\n\t\t\t\t\t\t\t<\/div>\n\t\t<\/section>\n\t\t\t\t\t\t\t<\/div>","protected":false},"excerpt":{"rendered":"<p>buscando la felicidad Descubre m\u00e1s Trailer Descubre la vida y trayectoria de Ricardo Bozzo \u00a1Bienvenidos a \u00abBuscando la felicidad\u00bb! \u00abBuscando la felicidad\u00bb es un poderoso mon\u00f3logo personal escrito y protagonizado por Ricardo Bozzo, que nos sumerge en un viaje emocional a trav\u00e9s de su vida. Este cautivador espect\u00e1culo teatral nos relata la historia de Ricardo, &hellip;<\/p>\n<p class=\"read-more\"> <a class=\"\" href=\"https:\/\/teatroricardobozzo.com\/it\/obra\/\"> <span class=\"screen-reader-text\">OPERE<\/span> Leggi altro &raquo;<\/a><\/p>","protected":false},"author":1,"featured_media":0,"parent":0,"menu_order":0,"comment_status":"closed","ping_status":"closed","template":"elementor_header_footer","meta":{"site-sidebar-layout":"no-sidebar","site-content-layout":"page-builder","ast-site-content-layout":"","site-content-style":"default","site-sidebar-style":"default","ast-global-header-display":"","ast-banner-title-visibility":"","ast-main-header-display":"","ast-hfb-above-header-display":"","ast-hfb-below-header-display":"","ast-hfb-mobile-header-display":"","site-post-title":"disabled","ast-breadcrumbs-content":"","ast-featured-img":"disabled","footer-sml-layout":"","theme-transparent-header-meta":"","adv-header-id-meta":"","stick-header-meta":"","header-above-stick-meta":"","header-main-stick-meta":"","header-below-stick-meta":"","astra-migrate-meta-layouts":"","footnotes":""},"_links":{"self":[{"href":"https:\/\/teatroricardobozzo.com\/it\/wp-json\/wp\/v2\/pages\/2409"}],"collection":[{"href":"https:\/\/teatroricardobozzo.com\/it\/wp-json\/wp\/v2\/pages"}],"about":[{"href":"https:\/\/teatroricardobozzo.com\/it\/wp-json\/wp\/v2\/types\/page"}],"author":[{"embeddable":true,"href":"https:\/\/teatroricardobozzo.com\/it\/wp-json\/wp\/v2\/users\/1"}],"replies":[{"embeddable":true,"href":"https:\/\/teatroricardobozzo.com\/it\/wp-json\/wp\/v2\/comments?post=2409"}],"version-history":[{"count":31,"href":"https:\/\/teatroricardobozzo.com\/it\/wp-json\/wp\/v2\/pages\/2409\/revisions"}],"predecessor-version":[{"id":2667,"href":"https:\/\/teatroricardobozzo.com\/it\/wp-json\/wp\/v2\/pages\/2409\/revisions\/2667"}],"wp:attachment":[{"href":"https:\/\/teatroricardobozzo.com\/it\/wp-json\/wp\/v2\/media?parent=2409"}],"curies":[{"name":"wp","href":"https:\/\/api.w.org\/{rel}","templated":true}]}}