{"id":2413,"date":"2023-07-26T14:14:36","date_gmt":"2023-07-26T14:14:36","guid":{"rendered":"https:\/\/teatroricardobozzo.com\/?page_id=2413"},"modified":"2023-08-05T18:03:21","modified_gmt":"2023-08-05T18:03:21","slug":"opiniones","status":"publish","type":"page","link":"https:\/\/teatroricardobozzo.com\/it\/opiniones\/","title":{"rendered":"OPINIONI"},"content":{"rendered":"<div data-elementor-type=\"wp-page\" data-elementor-id=\"2413\" class=\"elementor elementor-2413\" data-elementor-post-type=\"page\">\n\t\t\t\t\t\t\t\t\t<section class=\"elementor-section elementor-top-section elementor-element elementor-element-45ed4e7f elementor-section-height-full elementor-section-items-bottom elementor-section-boxed elementor-section-height-default\" data-id=\"45ed4e7f\" data-element_type=\"section\" data-settings=\"{&quot;background_background&quot;:&quot;classic&quot;}\">\n\t\t\t\t\t\t\t<div class=\"elementor-background-overlay\"><\/div>\n\t\t\t\t\t\t\t<div class=\"elementor-container elementor-column-gap-no\">\n\t\t\t\t\t<div class=\"elementor-column elementor-col-100 elementor-top-column elementor-element elementor-element-10501ad6\" data-id=\"10501ad6\" data-element_type=\"column\">\n\t\t\t<div class=\"elementor-widget-wrap elementor-element-populated\">\n\t\t\t\t\t\t\t\t<div class=\"elementor-element elementor-element-70cca6c3 elementor-widget elementor-widget-heading\" data-id=\"70cca6c3\" data-element_type=\"widget\" data-widget_type=\"heading.default\">\n\t\t\t\t<div class=\"elementor-widget-container\">\n\t\t\t<style>\/*! elementor - v3.16.0 - 20-09-2023 *\/\n.elementor-heading-title{padding:0;margin:0;line-height:1}.elementor-widget-heading .elementor-heading-title[class*=elementor-size-]>a{color:inherit;font-size:inherit;line-height:inherit}.elementor-widget-heading .elementor-heading-title.elementor-size-small{font-size:15px}.elementor-widget-heading .elementor-heading-title.elementor-size-medium{font-size:19px}.elementor-widget-heading .elementor-heading-title.elementor-size-large{font-size:29px}.elementor-widget-heading .elementor-heading-title.elementor-size-xl{font-size:39px}.elementor-widget-heading .elementor-heading-title.elementor-size-xxl{font-size:59px}<\/style><h1 class=\"elementor-heading-title elementor-size-default\">OPINIONI<\/h1>\t\t<\/div>\n\t\t\t\t<\/div>\n\t\t\t\t<div class=\"elementor-element elementor-element-6aedc49 elementor-align-center elementor-widget elementor-widget-button\" data-id=\"6aedc49\" data-element_type=\"widget\" data-widget_type=\"button.default\">\n\t\t\t\t<div class=\"elementor-widget-container\">\n\t\t\t\t\t<div class=\"elementor-button-wrapper\">\n\t\t\t<a class=\"elementor-button elementor-button-link elementor-size-sm\" href=\"#bio\">\n\t\t\t\t\t\t<span class=\"elementor-button-content-wrapper\">\n\t\t\t\t\t\t<span class=\"elementor-button-text\">Leggi di pi\u00f9<\/span>\n\t\t<\/span>\n\t\t\t\t\t<\/a>\n\t\t<\/div>\n\t\t\t\t<\/div>\n\t\t\t\t<\/div>\n\t\t\t\t\t<\/div>\n\t\t<\/div>\n\t\t\t\t\t\t\t<\/div>\n\t\t<\/section>\n\t\t\t\t<section class=\"elementor-section elementor-top-section elementor-element elementor-element-65485325 elementor-section-boxed elementor-section-height-default elementor-section-height-default\" data-id=\"65485325\" data-element_type=\"section\" id=\"bio\" data-settings=\"{&quot;background_background&quot;:&quot;gradient&quot;}\">\n\t\t\t\t\t\t<div class=\"elementor-container elementor-column-gap-no\">\n\t\t\t\t\t<div class=\"elementor-column elementor-col-100 elementor-top-column elementor-element elementor-element-60d423a1\" data-id=\"60d423a1\" data-element_type=\"column\">\n\t\t\t<div class=\"elementor-widget-wrap elementor-element-populated\">\n\t\t\t\t\t\t\t\t<section class=\"elementor-section elementor-inner-section elementor-element elementor-element-6317f9fd elementor-section-boxed elementor-section-height-default elementor-section-height-default\" data-id=\"6317f9fd\" data-element_type=\"section\">\n\t\t\t\t\t\t<div class=\"elementor-container elementor-column-gap-no\">\n\t\t\t\t\t<div class=\"elementor-column elementor-col-100 elementor-inner-column elementor-element elementor-element-69cd6f66\" data-id=\"69cd6f66\" data-element_type=\"column\">\n\t\t\t<div class=\"elementor-widget-wrap elementor-element-populated\">\n\t\t\t\t\t\t\t\t<div class=\"elementor-element elementor-element-74b7a2db elementor-widget elementor-widget-heading\" data-id=\"74b7a2db\" data-element_type=\"widget\" data-widget_type=\"heading.default\">\n\t\t\t\t<div class=\"elementor-widget-container\">\n\t\t\t<h2 class=\"elementor-heading-title elementor-size-default\">Testimonianze sulle Performance di Ricardo Bozzo<\/h2>\t\t<\/div>\n\t\t\t\t<\/div>\n\t\t\t\t\t<\/div>\n\t\t<\/div>\n\t\t\t\t\t\t\t<\/div>\n\t\t<\/section>\n\t\t\t\t<section class=\"elementor-section elementor-inner-section elementor-element elementor-element-bad1fb5 elementor-section-boxed elementor-section-height-default elementor-section-height-default\" data-id=\"bad1fb5\" data-element_type=\"section\">\n\t\t\t\t\t\t<div class=\"elementor-container elementor-column-gap-default\">\n\t\t\t\t\t<div class=\"elementor-column elementor-col-100 elementor-inner-column elementor-element elementor-element-e28c9d4\" data-id=\"e28c9d4\" data-element_type=\"column\">\n\t\t\t<div class=\"elementor-widget-wrap elementor-element-populated\">\n\t\t\t\t\t\t\t\t<div class=\"elementor-element elementor-element-e363359 elementor-widget elementor-widget-text-editor\" data-id=\"e363359\" data-element_type=\"widget\" data-widget_type=\"text-editor.default\">\n\t\t\t\t<div class=\"elementor-widget-container\">\n\t\t\t<style>\/*! elementor - v3.16.0 - 20-09-2023 *\/\n.elementor-widget-text-editor.elementor-drop-cap-view-stacked .elementor-drop-cap{background-color:#69727d;color:#fff}.elementor-widget-text-editor.elementor-drop-cap-view-framed .elementor-drop-cap{color:#69727d;border:3px solid;background-color:transparent}.elementor-widget-text-editor:not(.elementor-drop-cap-view-default) .elementor-drop-cap{margin-top:8px}.elementor-widget-text-editor:not(.elementor-drop-cap-view-default) .elementor-drop-cap-letter{width:1em;height:1em}.elementor-widget-text-editor .elementor-drop-cap{float:left;text-align:center;line-height:1;font-size:50px}.elementor-widget-text-editor .elementor-drop-cap-letter{display:inline-block}<\/style>\t\t\t\t\u00abHo conosciuto Ricardo Bozzo ormai qualche anno fa, quando ha cominciato a partecipare al Corso di teatro di Sori. Si notavano in lui particolari doti mimiche, la facilit\u00e0 con cui sapeva entrare e far entrare nell'immaginario dei suoi personaggi. Per questo motivo quando mi ha proposto di condividere con lui questo cammino che lo avrebbe portato in scena a raccontare la sua vera storia, l'idea mi \u00e8 piaciuta: abbiamo lavorato ntensamente arrivando a costruire uno spettacolo in forma di monologo pieno di episodi sorprendenti, interessanti e di forte impatto emotivo. Sono tutti snodi importanti della sua vita. Quello che porta in scena Ricardo in questa performance \u00e8 la sua stessa vita ma anche il senso profondo di ci\u00f2 che significa  fare teatro.\u00bb\t\t\t\t\t\t<\/div>\n\t\t\t\t<\/div>\n\t\t\t\t<div class=\"elementor-element elementor-element-e7b64e4 elementor-widget elementor-widget-heading\" data-id=\"e7b64e4\" data-element_type=\"widget\" data-widget_type=\"heading.default\">\n\t\t\t\t<div class=\"elementor-widget-container\">\n\t\t\t<h3 class=\"elementor-heading-title elementor-size-default\">Andrea nicolini<\/h3>\t\t<\/div>\n\t\t\t\t<\/div>\n\t\t\t\t\t<\/div>\n\t\t<\/div>\n\t\t\t\t\t\t\t<\/div>\n\t\t<\/section>\n\t\t\t\t<section class=\"elementor-section elementor-inner-section elementor-element elementor-element-6e898b6 elementor-section-boxed elementor-section-height-default elementor-section-height-default\" data-id=\"6e898b6\" data-element_type=\"section\">\n\t\t\t\t\t\t<div class=\"elementor-container elementor-column-gap-default\">\n\t\t\t\t\t<div class=\"elementor-column elementor-col-100 elementor-inner-column elementor-element elementor-element-d01d8e9\" data-id=\"d01d8e9\" data-element_type=\"column\">\n\t\t\t<div class=\"elementor-widget-wrap elementor-element-populated\">\n\t\t\t\t\t\t\t\t<div class=\"elementor-element elementor-element-59c0dbc elementor-widget elementor-widget-text-editor\" data-id=\"59c0dbc\" data-element_type=\"widget\" data-widget_type=\"text-editor.default\">\n\t\t\t\t<div class=\"elementor-widget-container\">\n\t\t\t\t\t\t\t<p>\u00abAndate tutti a vedere Ricardo. Lo spettacolo \u00e8 MERAVIGLIOSO. Apri prima la tua mente e poi il tuo cuore. Grazie Ricardo, grazie Andrea. Una grande prova e uno spettacolo illuminante. La migliore commedia che ho visto quest'anno.\u00bb<\/p>\t\t\t\t\t\t<\/div>\n\t\t\t\t<\/div>\n\t\t\t\t<div class=\"elementor-element elementor-element-7a1ff3e elementor-widget elementor-widget-heading\" data-id=\"7a1ff3e\" data-element_type=\"widget\" data-widget_type=\"heading.default\">\n\t\t\t\t<div class=\"elementor-widget-container\">\n\t\t\t<h3 class=\"elementor-heading-title elementor-size-default\">Silvia Bianca Lana <\/h3>\t\t<\/div>\n\t\t\t\t<\/div>\n\t\t\t\t\t<\/div>\n\t\t<\/div>\n\t\t\t\t\t\t\t<\/div>\n\t\t<\/section>\n\t\t\t\t<section class=\"elementor-section elementor-inner-section elementor-element elementor-element-e5900ac elementor-section-boxed elementor-section-height-default elementor-section-height-default\" data-id=\"e5900ac\" data-element_type=\"section\">\n\t\t\t\t\t\t<div class=\"elementor-container elementor-column-gap-default\">\n\t\t\t\t\t<div class=\"elementor-column elementor-col-100 elementor-inner-column elementor-element elementor-element-8a839bb\" data-id=\"8a839bb\" data-element_type=\"column\" data-settings=\"{&quot;background_background&quot;:&quot;classic&quot;}\">\n\t\t\t<div class=\"elementor-widget-wrap elementor-element-populated\">\n\t\t\t\t\t\t\t\t<div class=\"elementor-element elementor-element-b10459b elementor-widget elementor-widget-text-editor\" data-id=\"b10459b\" data-element_type=\"widget\" data-widget_type=\"text-editor.default\">\n\t\t\t\t<div class=\"elementor-widget-container\">\n\t\t\t\t\t\t\t<p>\u00abHo voluto assistere ad una recita teatrale qui a Sori dal titolo \u201cCercando la felicit\u00e0 \u201cfatta da un signore comparso da qualche tempo .   Avevo avuto modo di conoscere e frequentare ben presto in rapporto di simpatica amicizia .Il suo nome \u00e8 Ricardo Bozzo ( una \u201cc\u201d soltanto). La sua famiglia,di origine sorese,vedi il cognome,era emigrata in Cile . Il suo parlare italiano \u00e8 piuttosto stentato,ma capisce e simpaticamente si fa capire. Ebbene in teatro ha raccontato la sua lunga e articolata vita inserendo colpi di scena inaspettati e originali .<\/p>\n\n<p>Ebbene la rappresentazione mi \u00e8 risultata piacevole proprio per la sua originalit\u00e0,spontaneit\u00e0 non studiata (almeno in apparenza).Complimenti !\u00bb<\/p>\t\t\t\t\t\t<\/div>\n\t\t\t\t<\/div>\n\t\t\t\t<div class=\"elementor-element elementor-element-86c0637 elementor-widget elementor-widget-heading\" data-id=\"86c0637\" data-element_type=\"widget\" data-widget_type=\"heading.default\">\n\t\t\t\t<div class=\"elementor-widget-container\">\n\t\t\t<h3 class=\"elementor-heading-title elementor-size-default\">Mario Reffo (Sindaco di Sori)<\/h3>\t\t<\/div>\n\t\t\t\t<\/div>\n\t\t\t\t\t<\/div>\n\t\t<\/div>\n\t\t\t\t\t\t\t<\/div>\n\t\t<\/section>\n\t\t\t\t\t<\/div>\n\t\t<\/div>\n\t\t\t\t\t\t\t<\/div>\n\t\t<\/section>\n\t\t\t\t<section class=\"elementor-section elementor-top-section elementor-element elementor-element-2604018e elementor-section-full_width elementor-section-content-middle elementor-section-height-default elementor-section-height-default\" data-id=\"2604018e\" data-element_type=\"section\">\n\t\t\t\t\t\t<div class=\"elementor-container elementor-column-gap-wide\">\n\t\t\t\t\t<div class=\"elementor-column elementor-col-25 elementor-top-column elementor-element elementor-element-f8b32f9\" data-id=\"f8b32f9\" data-element_type=\"column\">\n\t\t\t<div class=\"elementor-widget-wrap elementor-element-populated\">\n\t\t\t\t\t\t\t\t<div class=\"elementor-element elementor-element-1e74015e elementor-widget elementor-widget-image\" data-id=\"1e74015e\" data-element_type=\"widget\" data-widget_type=\"image.default\">\n\t\t\t\t<div class=\"elementor-widget-container\">\n\t\t\t<style>\/*! elementor - v3.16.0 - 20-09-2023 *\/\n.elementor-widget-image{text-align:center}.elementor-widget-image a{display:inline-block}.elementor-widget-image a img[src$=\".svg\"]{width:48px}.elementor-widget-image img{vertical-align:middle;display:inline-block}<\/style>\t\t\t\t\t\t\t\t\t\t\t\t<img decoding=\"async\" width=\"1436\" height=\"809\" src=\"https:\/\/teatroricardobozzo.com\/wp-content\/uploads\/2023\/07\/Screenshot-2023-07-26-at-16.29.39-1.png\" class=\"attachment-full size-full wp-image-2436 has-transparency\" alt=\"\" srcset=\"https:\/\/teatroricardobozzo.com\/wp-content\/uploads\/2023\/07\/Screenshot-2023-07-26-at-16.29.39-1.png 1436w, https:\/\/teatroricardobozzo.com\/wp-content\/uploads\/2023\/07\/Screenshot-2023-07-26-at-16.29.39-1-300x169.png 300w, https:\/\/teatroricardobozzo.com\/wp-content\/uploads\/2023\/07\/Screenshot-2023-07-26-at-16.29.39-1-1024x577.png 1024w, https:\/\/teatroricardobozzo.com\/wp-content\/uploads\/2023\/07\/Screenshot-2023-07-26-at-16.29.39-1-768x433.png 768w, https:\/\/teatroricardobozzo.com\/wp-content\/uploads\/2023\/07\/Screenshot-2023-07-26-at-16.29.39-1-18x10.png 18w\" sizes=\"(max-width: 1436px) 100vw, 1436px\" data-has-transparency=\"true\" data-dominant-color=\"27201b\" style=\"--dominant-color: #27201b\" \/>\t\t\t\t\t\t\t\t\t\t\t\t\t\t\t<\/div>\n\t\t\t\t<\/div>\n\t\t\t\t\t<\/div>\n\t\t<\/div>\n\t\t\t\t<div class=\"elementor-column elementor-col-25 elementor-top-column elementor-element elementor-element-21055480\" data-id=\"21055480\" data-element_type=\"column\">\n\t\t\t<div class=\"elementor-widget-wrap elementor-element-populated\">\n\t\t\t\t\t\t\t\t<div class=\"elementor-element elementor-element-37661b2a elementor-widget elementor-widget-image\" data-id=\"37661b2a\" data-element_type=\"widget\" data-widget_type=\"image.default\">\n\t\t\t\t<div class=\"elementor-widget-container\">\n\t\t\t\t\t\t\t\t\t\t\t\t\t\t\t<img decoding=\"async\" width=\"1436\" height=\"806\" src=\"https:\/\/teatroricardobozzo.com\/wp-content\/uploads\/2023\/07\/Screenshot-2023-07-26-at-16.30.02.png\" class=\"attachment-full size-full wp-image-2437 has-transparency\" alt=\"\" srcset=\"https:\/\/teatroricardobozzo.com\/wp-content\/uploads\/2023\/07\/Screenshot-2023-07-26-at-16.30.02.png 1436w, https:\/\/teatroricardobozzo.com\/wp-content\/uploads\/2023\/07\/Screenshot-2023-07-26-at-16.30.02-300x168.png 300w, https:\/\/teatroricardobozzo.com\/wp-content\/uploads\/2023\/07\/Screenshot-2023-07-26-at-16.30.02-1024x575.png 1024w, https:\/\/teatroricardobozzo.com\/wp-content\/uploads\/2023\/07\/Screenshot-2023-07-26-at-16.30.02-768x431.png 768w, https:\/\/teatroricardobozzo.com\/wp-content\/uploads\/2023\/07\/Screenshot-2023-07-26-at-16.30.02-18x10.png 18w\" sizes=\"(max-width: 1436px) 100vw, 1436px\" data-has-transparency=\"true\" data-dominant-color=\"5e221e\" style=\"--dominant-color: #5e221e\" \/>\t\t\t\t\t\t\t\t\t\t\t\t\t\t\t<\/div>\n\t\t\t\t<\/div>\n\t\t\t\t\t<\/div>\n\t\t<\/div>\n\t\t\t\t<div class=\"elementor-column elementor-col-25 elementor-top-column elementor-element elementor-element-1de0636b\" data-id=\"1de0636b\" data-element_type=\"column\">\n\t\t\t<div class=\"elementor-widget-wrap elementor-element-populated\">\n\t\t\t\t\t\t\t\t<div class=\"elementor-element elementor-element-79068e7e elementor-widget elementor-widget-image\" data-id=\"79068e7e\" data-element_type=\"widget\" data-widget_type=\"image.default\">\n\t\t\t\t<div class=\"elementor-widget-container\">\n\t\t\t\t\t\t\t\t\t\t\t\t\t\t\t<img decoding=\"async\" width=\"1435\" height=\"807\" src=\"https:\/\/teatroricardobozzo.com\/wp-content\/uploads\/2023\/07\/Screenshot-2023-07-26-at-16.30.34.png\" class=\"attachment-full size-full wp-image-2438 has-transparency\" alt=\"\" srcset=\"https:\/\/teatroricardobozzo.com\/wp-content\/uploads\/2023\/07\/Screenshot-2023-07-26-at-16.30.34.png 1435w, https:\/\/teatroricardobozzo.com\/wp-content\/uploads\/2023\/07\/Screenshot-2023-07-26-at-16.30.34-300x169.png 300w, https:\/\/teatroricardobozzo.com\/wp-content\/uploads\/2023\/07\/Screenshot-2023-07-26-at-16.30.34-1024x576.png 1024w, https:\/\/teatroricardobozzo.com\/wp-content\/uploads\/2023\/07\/Screenshot-2023-07-26-at-16.30.34-768x432.png 768w, https:\/\/teatroricardobozzo.com\/wp-content\/uploads\/2023\/07\/Screenshot-2023-07-26-at-16.30.34-18x10.png 18w\" sizes=\"(max-width: 1435px) 100vw, 1435px\" data-has-transparency=\"true\" data-dominant-color=\"171513\" style=\"--dominant-color: #171513\" \/>\t\t\t\t\t\t\t\t\t\t\t\t\t\t\t<\/div>\n\t\t\t\t<\/div>\n\t\t\t\t\t<\/div>\n\t\t<\/div>\n\t\t\t\t<div class=\"elementor-column elementor-col-25 elementor-top-column elementor-element elementor-element-7a727c80\" data-id=\"7a727c80\" data-element_type=\"column\">\n\t\t\t<div class=\"elementor-widget-wrap elementor-element-populated\">\n\t\t\t\t\t\t\t\t<div class=\"elementor-element elementor-element-518bb415 elementor-widget elementor-widget-image\" data-id=\"518bb415\" data-element_type=\"widget\" data-widget_type=\"image.default\">\n\t\t\t\t<div class=\"elementor-widget-container\">\n\t\t\t\t\t\t\t\t\t\t\t\t\t\t\t<img decoding=\"async\" width=\"1435\" height=\"803\" src=\"https:\/\/teatroricardobozzo.com\/wp-content\/uploads\/2023\/07\/Screenshot-2023-07-26-at-16.39.35-1.png\" class=\"attachment-full size-full wp-image-2440 has-transparency\" alt=\"\" srcset=\"https:\/\/teatroricardobozzo.com\/wp-content\/uploads\/2023\/07\/Screenshot-2023-07-26-at-16.39.35-1.png 1435w, https:\/\/teatroricardobozzo.com\/wp-content\/uploads\/2023\/07\/Screenshot-2023-07-26-at-16.39.35-1-300x168.png 300w, https:\/\/teatroricardobozzo.com\/wp-content\/uploads\/2023\/07\/Screenshot-2023-07-26-at-16.39.35-1-1024x573.png 1024w, https:\/\/teatroricardobozzo.com\/wp-content\/uploads\/2023\/07\/Screenshot-2023-07-26-at-16.39.35-1-768x430.png 768w, https:\/\/teatroricardobozzo.com\/wp-content\/uploads\/2023\/07\/Screenshot-2023-07-26-at-16.39.35-1-18x10.png 18w\" sizes=\"(max-width: 1435px) 100vw, 1435px\" data-has-transparency=\"true\" data-dominant-color=\"24201e\" style=\"--dominant-color: #24201e\" \/>\t\t\t\t\t\t\t\t\t\t\t\t\t\t\t<\/div>\n\t\t\t\t<\/div>\n\t\t\t\t\t<\/div>\n\t\t<\/div>\n\t\t\t\t\t\t\t<\/div>\n\t\t<\/section>\n\t\t\t\t\t\t\t<\/div>","protected":false},"excerpt":{"rendered":"<p>Opiniones Leer m\u00e1s Testimonios sobre las Actuaciones de Ricardo Bozzo \u00abConoc\u00ed a Ricardo Bozzo hace unos a\u00f1os, cuando empez\u00f3 a participar en el curso de teatro Sori. Se notaban en \u00e9l particulares dotes m\u00edmicas, la facilidad con la que sab\u00eda entrar y llevar a la imaginaci\u00f3n de sus personajes. Por eso, cuando me pidi\u00f3 que &hellip;<\/p>\n<p class=\"read-more\"> <a class=\"\" href=\"https:\/\/teatroricardobozzo.com\/it\/opiniones\/\"> <span class=\"screen-reader-text\">OPINIONI<\/span> Leggi altro &raquo;<\/a><\/p>","protected":false},"author":1,"featured_media":0,"parent":0,"menu_order":0,"comment_status":"closed","ping_status":"closed","template":"","meta":{"site-sidebar-layout":"no-sidebar","site-content-layout":"page-builder","ast-site-content-layout":"","site-content-style":"default","site-sidebar-style":"default","ast-global-header-display":"","ast-banner-title-visibility":"","ast-main-header-display":"","ast-hfb-above-header-display":"","ast-hfb-below-header-display":"","ast-hfb-mobile-header-display":"","site-post-title":"disabled","ast-breadcrumbs-content":"","ast-featured-img":"disabled","footer-sml-layout":"","theme-transparent-header-meta":"","adv-header-id-meta":"","stick-header-meta":"","header-above-stick-meta":"","header-main-stick-meta":"","header-below-stick-meta":"","astra-migrate-meta-layouts":"","footnotes":""},"_links":{"self":[{"href":"https:\/\/teatroricardobozzo.com\/it\/wp-json\/wp\/v2\/pages\/2413"}],"collection":[{"href":"https:\/\/teatroricardobozzo.com\/it\/wp-json\/wp\/v2\/pages"}],"about":[{"href":"https:\/\/teatroricardobozzo.com\/it\/wp-json\/wp\/v2\/types\/page"}],"author":[{"embeddable":true,"href":"https:\/\/teatroricardobozzo.com\/it\/wp-json\/wp\/v2\/users\/1"}],"replies":[{"embeddable":true,"href":"https:\/\/teatroricardobozzo.com\/it\/wp-json\/wp\/v2\/comments?post=2413"}],"version-history":[{"count":13,"href":"https:\/\/teatroricardobozzo.com\/it\/wp-json\/wp\/v2\/pages\/2413\/revisions"}],"predecessor-version":[{"id":2610,"href":"https:\/\/teatroricardobozzo.com\/it\/wp-json\/wp\/v2\/pages\/2413\/revisions\/2610"}],"wp:attachment":[{"href":"https:\/\/teatroricardobozzo.com\/it\/wp-json\/wp\/v2\/media?parent=2413"}],"curies":[{"name":"wp","href":"https:\/\/api.w.org\/{rel}","templated":true}]}}