{"id":394,"date":"2021-03-03T02:25:52","date_gmt":"2021-03-03T02:25:52","guid":{"rendered":"https:\/\/teatroricardobozzo.com\/biography\/"},"modified":"2023-08-05T18:08:49","modified_gmt":"2023-08-05T18:08:49","slug":"biografia","status":"publish","type":"page","link":"https:\/\/teatroricardobozzo.com\/it\/biografia\/","title":{"rendered":"BIOGRAFIA"},"content":{"rendered":"<div data-elementor-type=\"wp-page\" data-elementor-id=\"394\" class=\"elementor elementor-394\" data-elementor-post-type=\"page\">\n\t\t\t\t\t\t\t\t\t<section class=\"elementor-section elementor-top-section elementor-element elementor-element-af975f9 elementor-section-height-full elementor-section-items-bottom elementor-section-boxed elementor-section-height-default\" data-id=\"af975f9\" data-element_type=\"section\" data-settings=\"{&quot;background_background&quot;:&quot;classic&quot;}\">\n\t\t\t\t\t\t\t<div class=\"elementor-background-overlay\"><\/div>\n\t\t\t\t\t\t\t<div class=\"elementor-container elementor-column-gap-no\">\n\t\t\t\t\t<div class=\"elementor-column elementor-col-100 elementor-top-column elementor-element elementor-element-ae6dfac\" data-id=\"ae6dfac\" data-element_type=\"column\">\n\t\t\t<div class=\"elementor-widget-wrap elementor-element-populated\">\n\t\t\t\t\t\t\t\t<div class=\"elementor-element elementor-element-abf08d5 elementor-widget elementor-widget-heading\" data-id=\"abf08d5\" data-element_type=\"widget\" data-widget_type=\"heading.default\">\n\t\t\t\t<div class=\"elementor-widget-container\">\n\t\t\t<style>\/*! elementor - v3.16.0 - 20-09-2023 *\/\n.elementor-heading-title{padding:0;margin:0;line-height:1}.elementor-widget-heading .elementor-heading-title[class*=elementor-size-]>a{color:inherit;font-size:inherit;line-height:inherit}.elementor-widget-heading .elementor-heading-title.elementor-size-small{font-size:15px}.elementor-widget-heading .elementor-heading-title.elementor-size-medium{font-size:19px}.elementor-widget-heading .elementor-heading-title.elementor-size-large{font-size:29px}.elementor-widget-heading .elementor-heading-title.elementor-size-xl{font-size:39px}.elementor-widget-heading .elementor-heading-title.elementor-size-xxl{font-size:59px}<\/style><h1 class=\"elementor-heading-title elementor-size-default\">BIOGRAFIA<\/h1>\t\t<\/div>\n\t\t\t\t<\/div>\n\t\t\t\t<div class=\"elementor-element elementor-element-c69e178 elementor-align-center elementor-widget elementor-widget-button\" data-id=\"c69e178\" data-element_type=\"widget\" data-widget_type=\"button.default\">\n\t\t\t\t<div class=\"elementor-widget-container\">\n\t\t\t\t\t<div class=\"elementor-button-wrapper\">\n\t\t\t<a class=\"elementor-button elementor-button-link elementor-size-sm\" href=\"#bio\">\n\t\t\t\t\t\t<span class=\"elementor-button-content-wrapper\">\n\t\t\t\t\t\t<span class=\"elementor-button-text\">Leggi di pi\u00f9<\/span>\n\t\t<\/span>\n\t\t\t\t\t<\/a>\n\t\t<\/div>\n\t\t\t\t<\/div>\n\t\t\t\t<\/div>\n\t\t\t\t\t<\/div>\n\t\t<\/div>\n\t\t\t\t\t\t\t<\/div>\n\t\t<\/section>\n\t\t\t\t<section class=\"elementor-section elementor-top-section elementor-element elementor-element-d8d5da8 elementor-section-boxed elementor-section-height-default elementor-section-height-default\" data-id=\"d8d5da8\" data-element_type=\"section\" id=\"bio\" data-settings=\"{&quot;background_background&quot;:&quot;gradient&quot;}\">\n\t\t\t\t\t\t<div class=\"elementor-container elementor-column-gap-no\">\n\t\t\t\t\t<div class=\"elementor-column elementor-col-100 elementor-top-column elementor-element elementor-element-5d02d36\" data-id=\"5d02d36\" data-element_type=\"column\">\n\t\t\t<div class=\"elementor-widget-wrap elementor-element-populated\">\n\t\t\t\t\t\t\t\t<section class=\"elementor-section elementor-inner-section elementor-element elementor-element-5b53ec6 elementor-section-boxed elementor-section-height-default elementor-section-height-default\" data-id=\"5b53ec6\" data-element_type=\"section\">\n\t\t\t\t\t\t<div class=\"elementor-container elementor-column-gap-no\">\n\t\t\t\t\t<div class=\"elementor-column elementor-col-100 elementor-inner-column elementor-element elementor-element-aa70106\" data-id=\"aa70106\" data-element_type=\"column\">\n\t\t\t<div class=\"elementor-widget-wrap elementor-element-populated\">\n\t\t\t\t\t\t\t\t<div class=\"elementor-element elementor-element-a6633ba elementor-widget elementor-widget-heading\" data-id=\"a6633ba\" data-element_type=\"widget\" data-widget_type=\"heading.default\">\n\t\t\t\t<div class=\"elementor-widget-container\">\n\t\t\t<h2 class=\"elementor-heading-title elementor-size-default\">Scopri la vita e la carriera di Ricardo Bozzo.<\/h2>\t\t<\/div>\n\t\t\t\t<\/div>\n\t\t\t\t<div class=\"elementor-element elementor-element-a9fd274 elementor-widget elementor-widget-text-editor\" data-id=\"a9fd274\" data-element_type=\"widget\" data-widget_type=\"text-editor.default\">\n\t\t\t\t<div class=\"elementor-widget-container\">\n\t\t\t<style>\/*! elementor - v3.16.0 - 20-09-2023 *\/\n.elementor-widget-text-editor.elementor-drop-cap-view-stacked .elementor-drop-cap{background-color:#69727d;color:#fff}.elementor-widget-text-editor.elementor-drop-cap-view-framed .elementor-drop-cap{color:#69727d;border:3px solid;background-color:transparent}.elementor-widget-text-editor:not(.elementor-drop-cap-view-default) .elementor-drop-cap{margin-top:8px}.elementor-widget-text-editor:not(.elementor-drop-cap-view-default) .elementor-drop-cap-letter{width:1em;height:1em}.elementor-widget-text-editor .elementor-drop-cap{float:left;text-align:center;line-height:1;font-size:50px}.elementor-widget-text-editor .elementor-drop-cap-letter{display:inline-block}<\/style>\t\t\t\t<p>Ricardo Bozzo, nato il 29 ottobre 1948 a Santiago del Cile, \u00e8 un attore e imprenditore di spicco. Proveniente da una famiglia agiata, \u00e8 cresciuto in un ambiente colmo di affetto, con un padre che godeva di una prospera situazione economica e una madre con una carriera professionale di successo. \u00c8 il quinto di nove fratelli.<\/p><p>Desde giovane et\u00e0, ha dimostrato una innata passione per l'imprenditorialit\u00e0 e il desiderio di creare cose nuove. Lungo il corso della sua vita, Ricardo ha sempre avuto una mentalit\u00e0 imprenditoriale. Ad oggi, \u00e8 felicemente sposato e ha tre figli, oltre a nove nipoti che riempiono di gioia la sua vita. \u00c8 sempre stato una persona attiva e ha mantenuto il suo interesse per l'attivit\u00e0 sportiva nel corso degli anni.<\/p><p>Durante il suo periodo universitario, Ricardo ha scoperto il suo interesse per la politica e si \u00e8 coinvolto attivamente in essa. \u00c8 diventato un politico di rilievo e ha partecipato in modo significativo nel contesto politico. Tuttavia, la sua carriera politica \u00e8 giunta al termine con la tragica morte di Salvador Allende e l'ulteriore ascesa del governo militare di Pinochet.<\/p><p>Dopo questi eventi, Ricardo ha deciso di cambiare direzione e avviare la sua carriera come imprenditore nel campo della costruzione industrializzata a livello internazionale. Inoltre, si \u00e8 avventurato nel settore turistico, offrendo esperienze ad alto valore aggiunto per i viaggiatori.<\/p><p>Nonostante i suoi successi nel mondo degli affari, la sua vera passione \u00e8 sempre stata l'arte dell'interpretazione. Fin da giovane, si \u00e8 sentito attratto e appassionato dal mondo del teatro. Attualmente, Ricardo dedica gran parte del suo tempo a questa professione, collaborando con rinomati registi teatrali italiani.<\/p><p>Attualmente, Ricardo Alfonso Bozzo Araya risiede a Sori, Genova, Italia, dove si delizia con la ricchezza culturale e artistica che offre questo bellissimo paese.<\/p>\t\t\t\t\t\t<\/div>\n\t\t\t\t<\/div>\n\t\t\t\t\t<\/div>\n\t\t<\/div>\n\t\t\t\t\t\t\t<\/div>\n\t\t<\/section>\n\t\t\t\t\t<\/div>\n\t\t<\/div>\n\t\t\t\t\t\t\t<\/div>\n\t\t<\/section>\n\t\t\t\t<section class=\"elementor-section elementor-top-section elementor-element elementor-element-a2115c6 elementor-section-full_width elementor-section-content-middle elementor-section-height-default elementor-section-height-default\" data-id=\"a2115c6\" data-element_type=\"section\">\n\t\t\t\t\t\t<div class=\"elementor-container elementor-column-gap-wide\">\n\t\t\t\t\t<div class=\"elementor-column elementor-col-25 elementor-top-column elementor-element elementor-element-cb926b8\" data-id=\"cb926b8\" data-element_type=\"column\">\n\t\t\t<div class=\"elementor-widget-wrap elementor-element-populated\">\n\t\t\t\t\t\t\t\t<div class=\"elementor-element elementor-element-523eef0 elementor-widget elementor-widget-image\" data-id=\"523eef0\" data-element_type=\"widget\" data-widget_type=\"image.default\">\n\t\t\t\t<div class=\"elementor-widget-container\">\n\t\t\t<style>\/*! elementor - v3.16.0 - 20-09-2023 *\/\n.elementor-widget-image{text-align:center}.elementor-widget-image a{display:inline-block}.elementor-widget-image a img[src$=\".svg\"]{width:48px}.elementor-widget-image img{vertical-align:middle;display:inline-block}<\/style>\t\t\t\t\t\t\t\t\t\t\t\t<img decoding=\"async\" width=\"1436\" height=\"809\" src=\"https:\/\/teatroricardobozzo.com\/wp-content\/uploads\/2023\/07\/Screenshot-2023-07-26-at-16.29.39-1.png\" class=\"attachment-full size-full wp-image-2436 has-transparency\" alt=\"\" srcset=\"https:\/\/teatroricardobozzo.com\/wp-content\/uploads\/2023\/07\/Screenshot-2023-07-26-at-16.29.39-1.png 1436w, https:\/\/teatroricardobozzo.com\/wp-content\/uploads\/2023\/07\/Screenshot-2023-07-26-at-16.29.39-1-300x169.png 300w, https:\/\/teatroricardobozzo.com\/wp-content\/uploads\/2023\/07\/Screenshot-2023-07-26-at-16.29.39-1-1024x577.png 1024w, https:\/\/teatroricardobozzo.com\/wp-content\/uploads\/2023\/07\/Screenshot-2023-07-26-at-16.29.39-1-768x433.png 768w, https:\/\/teatroricardobozzo.com\/wp-content\/uploads\/2023\/07\/Screenshot-2023-07-26-at-16.29.39-1-18x10.png 18w\" sizes=\"(max-width: 1436px) 100vw, 1436px\" data-has-transparency=\"true\" data-dominant-color=\"27201b\" style=\"--dominant-color: #27201b\" \/>\t\t\t\t\t\t\t\t\t\t\t\t\t\t\t<\/div>\n\t\t\t\t<\/div>\n\t\t\t\t\t<\/div>\n\t\t<\/div>\n\t\t\t\t<div class=\"elementor-column elementor-col-25 elementor-top-column elementor-element elementor-element-7a57aa3\" data-id=\"7a57aa3\" data-element_type=\"column\">\n\t\t\t<div class=\"elementor-widget-wrap elementor-element-populated\">\n\t\t\t\t\t\t\t\t<div class=\"elementor-element elementor-element-e34ff9e elementor-widget elementor-widget-image\" data-id=\"e34ff9e\" data-element_type=\"widget\" data-widget_type=\"image.default\">\n\t\t\t\t<div class=\"elementor-widget-container\">\n\t\t\t\t\t\t\t\t\t\t\t\t\t\t\t<img decoding=\"async\" width=\"1436\" height=\"806\" src=\"https:\/\/teatroricardobozzo.com\/wp-content\/uploads\/2023\/07\/Screenshot-2023-07-26-at-16.30.02.png\" class=\"attachment-full size-full wp-image-2437 has-transparency\" alt=\"\" srcset=\"https:\/\/teatroricardobozzo.com\/wp-content\/uploads\/2023\/07\/Screenshot-2023-07-26-at-16.30.02.png 1436w, https:\/\/teatroricardobozzo.com\/wp-content\/uploads\/2023\/07\/Screenshot-2023-07-26-at-16.30.02-300x168.png 300w, https:\/\/teatroricardobozzo.com\/wp-content\/uploads\/2023\/07\/Screenshot-2023-07-26-at-16.30.02-1024x575.png 1024w, https:\/\/teatroricardobozzo.com\/wp-content\/uploads\/2023\/07\/Screenshot-2023-07-26-at-16.30.02-768x431.png 768w, https:\/\/teatroricardobozzo.com\/wp-content\/uploads\/2023\/07\/Screenshot-2023-07-26-at-16.30.02-18x10.png 18w\" sizes=\"(max-width: 1436px) 100vw, 1436px\" data-has-transparency=\"true\" data-dominant-color=\"5e221e\" style=\"--dominant-color: #5e221e\" \/>\t\t\t\t\t\t\t\t\t\t\t\t\t\t\t<\/div>\n\t\t\t\t<\/div>\n\t\t\t\t\t<\/div>\n\t\t<\/div>\n\t\t\t\t<div class=\"elementor-column elementor-col-25 elementor-top-column elementor-element elementor-element-c71a635\" data-id=\"c71a635\" data-element_type=\"column\">\n\t\t\t<div class=\"elementor-widget-wrap elementor-element-populated\">\n\t\t\t\t\t\t\t\t<div class=\"elementor-element elementor-element-24e13a7 elementor-widget elementor-widget-image\" data-id=\"24e13a7\" data-element_type=\"widget\" data-widget_type=\"image.default\">\n\t\t\t\t<div class=\"elementor-widget-container\">\n\t\t\t\t\t\t\t\t\t\t\t\t\t\t\t<img decoding=\"async\" width=\"1435\" height=\"807\" src=\"https:\/\/teatroricardobozzo.com\/wp-content\/uploads\/2023\/07\/Screenshot-2023-07-26-at-16.30.34.png\" class=\"attachment-full size-full wp-image-2438 has-transparency\" alt=\"\" srcset=\"https:\/\/teatroricardobozzo.com\/wp-content\/uploads\/2023\/07\/Screenshot-2023-07-26-at-16.30.34.png 1435w, https:\/\/teatroricardobozzo.com\/wp-content\/uploads\/2023\/07\/Screenshot-2023-07-26-at-16.30.34-300x169.png 300w, https:\/\/teatroricardobozzo.com\/wp-content\/uploads\/2023\/07\/Screenshot-2023-07-26-at-16.30.34-1024x576.png 1024w, https:\/\/teatroricardobozzo.com\/wp-content\/uploads\/2023\/07\/Screenshot-2023-07-26-at-16.30.34-768x432.png 768w, https:\/\/teatroricardobozzo.com\/wp-content\/uploads\/2023\/07\/Screenshot-2023-07-26-at-16.30.34-18x10.png 18w\" sizes=\"(max-width: 1435px) 100vw, 1435px\" data-has-transparency=\"true\" data-dominant-color=\"171513\" style=\"--dominant-color: #171513\" \/>\t\t\t\t\t\t\t\t\t\t\t\t\t\t\t<\/div>\n\t\t\t\t<\/div>\n\t\t\t\t\t<\/div>\n\t\t<\/div>\n\t\t\t\t<div class=\"elementor-column elementor-col-25 elementor-top-column elementor-element elementor-element-a4a5c19\" data-id=\"a4a5c19\" data-element_type=\"column\">\n\t\t\t<div class=\"elementor-widget-wrap elementor-element-populated\">\n\t\t\t\t\t\t\t\t<div class=\"elementor-element elementor-element-1e84fb4 elementor-widget elementor-widget-image\" data-id=\"1e84fb4\" data-element_type=\"widget\" data-widget_type=\"image.default\">\n\t\t\t\t<div class=\"elementor-widget-container\">\n\t\t\t\t\t\t\t\t\t\t\t\t\t\t\t<img decoding=\"async\" width=\"1435\" height=\"803\" src=\"https:\/\/teatroricardobozzo.com\/wp-content\/uploads\/2023\/07\/Screenshot-2023-07-26-at-16.39.35-1.png\" class=\"attachment-full size-full wp-image-2440 has-transparency\" alt=\"\" srcset=\"https:\/\/teatroricardobozzo.com\/wp-content\/uploads\/2023\/07\/Screenshot-2023-07-26-at-16.39.35-1.png 1435w, https:\/\/teatroricardobozzo.com\/wp-content\/uploads\/2023\/07\/Screenshot-2023-07-26-at-16.39.35-1-300x168.png 300w, https:\/\/teatroricardobozzo.com\/wp-content\/uploads\/2023\/07\/Screenshot-2023-07-26-at-16.39.35-1-1024x573.png 1024w, https:\/\/teatroricardobozzo.com\/wp-content\/uploads\/2023\/07\/Screenshot-2023-07-26-at-16.39.35-1-768x430.png 768w, https:\/\/teatroricardobozzo.com\/wp-content\/uploads\/2023\/07\/Screenshot-2023-07-26-at-16.39.35-1-18x10.png 18w\" sizes=\"(max-width: 1435px) 100vw, 1435px\" data-has-transparency=\"true\" data-dominant-color=\"24201e\" style=\"--dominant-color: #24201e\" \/>\t\t\t\t\t\t\t\t\t\t\t\t\t\t\t<\/div>\n\t\t\t\t<\/div>\n\t\t\t\t\t<\/div>\n\t\t<\/div>\n\t\t\t\t\t\t\t<\/div>\n\t\t<\/section>\n\t\t\t\t\t\t\t<\/div>","protected":false},"excerpt":{"rendered":"<p>biograf\u00eda Leer m\u00e1s Descubre la vida y trayectoria de Ricardo Bozzo Ricardo Bozzo, nacido el 29 de octubre de 1948 en Santiago de Chile, es un destacado actor y emprendedor. Proveniente de una familia acomodada, creci\u00f3 en un entorno lleno de cari\u00f1o, con un padre que disfrutaba de una pr\u00f3spera situaci\u00f3n econ\u00f3mica y una madre &hellip;<\/p>\n<p class=\"read-more\"> <a class=\"\" href=\"https:\/\/teatroricardobozzo.com\/it\/biografia\/\"> <span class=\"screen-reader-text\">BIOGRAFIA<\/span> Leggi altro &raquo;<\/a><\/p>","protected":false},"author":1,"featured_media":0,"parent":0,"menu_order":0,"comment_status":"closed","ping_status":"closed","template":"","meta":{"site-sidebar-layout":"no-sidebar","site-content-layout":"page-builder","ast-site-content-layout":"","site-content-style":"default","site-sidebar-style":"default","ast-global-header-display":"","ast-banner-title-visibility":"","ast-main-header-display":"","ast-hfb-above-header-display":"","ast-hfb-below-header-display":"","ast-hfb-mobile-header-display":"","site-post-title":"disabled","ast-breadcrumbs-content":"disabled","ast-featured-img":"disabled","footer-sml-layout":"","theme-transparent-header-meta":"enabled","adv-header-id-meta":"","stick-header-meta":"","header-above-stick-meta":"","header-main-stick-meta":"","header-below-stick-meta":"","astra-migrate-meta-layouts":"","footnotes":""},"_links":{"self":[{"href":"https:\/\/teatroricardobozzo.com\/it\/wp-json\/wp\/v2\/pages\/394"}],"collection":[{"href":"https:\/\/teatroricardobozzo.com\/it\/wp-json\/wp\/v2\/pages"}],"about":[{"href":"https:\/\/teatroricardobozzo.com\/it\/wp-json\/wp\/v2\/types\/page"}],"author":[{"embeddable":true,"href":"https:\/\/teatroricardobozzo.com\/it\/wp-json\/wp\/v2\/users\/1"}],"replies":[{"embeddable":true,"href":"https:\/\/teatroricardobozzo.com\/it\/wp-json\/wp\/v2\/comments?post=394"}],"version-history":[{"count":38,"href":"https:\/\/teatroricardobozzo.com\/it\/wp-json\/wp\/v2\/pages\/394\/revisions"}],"predecessor-version":[{"id":2622,"href":"https:\/\/teatroricardobozzo.com\/it\/wp-json\/wp\/v2\/pages\/394\/revisions\/2622"}],"wp:attachment":[{"href":"https:\/\/teatroricardobozzo.com\/it\/wp-json\/wp\/v2\/media?parent=394"}],"curies":[{"name":"wp","href":"https:\/\/api.w.org\/{rel}","templated":true}]}}